{"id":1078,"date":"2025-07-10T15:55:05","date_gmt":"2025-07-10T14:55:05","guid":{"rendered":"https:\/\/www.aroeiracollections.com\/cookie-policy\/"},"modified":"2025-08-10T16:41:47","modified_gmt":"2025-08-10T15:41:47","slug":"politica-de-cookies","status":"publish","type":"page","link":"https:\/\/www.aroeiracollections.com\/pt\/politica-de-cookies\/","title":{"rendered":"Pol\u00edtica de Cookies"},"content":{"rendered":"<p data-start=\"107\" data-end=\"557\">A presente Pol\u00edtica de Cookies regula o tratamento de dados, incluindo dados pessoais, dos utilizadores (\u201c<strong>Utilizador<\/strong>\u201d ou \u201c<strong>Utilizadores<\/strong>\u201d), recolhidos durante a utiliza\u00e7\u00e3o do website da Norfin \u2013 Sociedade Gestora de Organismos de Investimento Coletivo, S.A., na qualidade de entidade gestora, administradora e representante do ARR\u00c1BIDA \u2013 FUNDO ESPECIAL DE INVESTIMENTO IMOBILI\u00c1RIO FECHADO (doravante \u201c<strong>Website<\/strong>\u201d e \u201c<strong>Norfin<\/strong>\u201d), atuando como respons\u00e1vel pelo tratamento dos dados.<\/p>\n<p data-start=\"559\" data-end=\"632\">Esta Pol\u00edtica de Cookies deve ser lida em conjunto com a <a href=\"https:\/\/www.aroeiracollections.com\/pt\/politica-de-privacidade\/\" target=\"_blank\" rel=\"noopener\">Pol\u00edtica de Privacidade<\/a>.<\/p>\n<h4 data-start=\"634\" data-end=\"895\">O que s\u00e3o cookies?<\/h4>\n<p data-start=\"634\" data-end=\"895\">Cookies s\u00e3o pequenos ficheiros de dados colocados pelos websites que visita, armazenados no navegador do dispositivo utilizado para aceder \u00e0 internet. Estes ficheiros permitem que o website memorize as suas a\u00e7\u00f5es e prefer\u00eancias durante um determinado per\u00edodo de tempo.<\/p>\n<p data-start=\"897\" data-end=\"1004\">Existem diferentes tipos de cookies, que podem ser classificados de acordo com as seguintes caracter\u00edsticas:<\/p>\n<ul data-start=\"1006\" data-end=\"1950\">\n<li data-start=\"1006\" data-end=\"1305\">\n<p data-start=\"1008\" data-end=\"1026\"><strong data-start=\"1008\" data-end=\"1023\">Quanto \u00e0 dura\u00e7\u00e3o<\/strong>:<\/p>\n<ul data-start=\"1029\" data-end=\"1305\">\n<li data-start=\"1029\" data-end=\"1158\">\n<p data-start=\"1031\" data-end=\"1158\"><em data-start=\"1031\" data-end=\"1048\">Cookies de sess\u00e3o<\/em> \u2013 Tempor\u00e1rios, permanecem no ficheiro de cookies do navegador at\u00e9 sair do website ou aplica\u00e7\u00e3o.<\/p>\n<\/li>\n<li data-start=\"1161\" data-end=\"1305\">\n<p data-start=\"1163\" data-end=\"1305\"><em data-start=\"1163\" data-end=\"1183\">Cookies persistentes<\/em> \u2013 Ao contr\u00e1rio dos cookies de sess\u00e3o, mant\u00eam-se armazenados mesmo ap\u00f3s fechar o navegador ou aplica\u00e7\u00e3o, sendo gravados no dispositivo do Utilizador.<\/p>\n<\/li>\n<\/ul>\n<\/li>\n<li data-start=\"1307\" data-end=\"1543\">\n<p data-start=\"1309\" data-end=\"1325\"><strong data-start=\"1309\" data-end=\"1322\">Quanto \u00e0 origem<\/strong>:<\/p>\n<ul data-start=\"1328\" data-end=\"1543\">\n<li data-start=\"1328\" data-end=\"1428\">\n<p data-start=\"1330\" data-end=\"1428\"><em data-start=\"1330\" data-end=\"1351\">Cookies pr\u00f3prios<\/em> \u2013 Enviados para o dispositivo do Utilizador a partir de equipamentos ou dom\u00ednios geridos pela Norfin.<\/p>\n<\/li>\n<li data-start=\"1431\" data-end=\"1543\">\n<p data-start=\"1433\" data-end=\"1543\"><em data-start=\"1433\" data-end=\"1454\">Cookies de terceiros <\/em>\u2013 Enviados para o dispositivo do Utilizador a partir de equipamentos ou dom\u00ednios geridos por entidades terceiras.<\/p>\n<\/li>\n<\/ul>\n<\/li>\n<li data-start=\"1545\" data-end=\"1950\">\n<p data-start=\"1547\" data-end=\"1564\"><strong data-start=\"1547\" data-end=\"1561\">Quanto \u00e0 finalidade<\/strong>:<\/p>\n<ul data-start=\"1567\" data-end=\"1950\">\n<li data-start=\"1567\" data-end=\"1650\">\n<p data-start=\"1569\" data-end=\"1650\"><em data-start=\"1569\" data-end=\"1602\">Cookies t\u00e9cnicos ou funcionais <\/em>\u2013 Permitem o funcionamento t\u00e9cnico do Website.<\/p>\n<\/li>\n<li data-start=\"1653\" data-end=\"1755\">\n<p data-start=\"1655\" data-end=\"1755\"><em data-start=\"1655\" data-end=\"1680\">Cookies de personaliza\u00e7\u00e3o<\/em> \u2013 Opcionais, usados para personalizar a experi\u00eancia de navega\u00e7\u00e3o do Utilizador.<\/p>\n<\/li>\n<li data-start=\"1758\" data-end=\"1828\">\n<p data-start=\"1760\" data-end=\"1828\"><em data-start=\"1760\" data-end=\"1779\">Cookies anal\u00edticos<\/em> \u2013 Permitem monitorizar e analisar o comportamento dos Utilizadores.<\/p>\n<\/li>\n<li data-start=\"1831\" data-end=\"1950\">\n<p data-start=\"1833\" data-end=\"1950\"><em data-start=\"1833\" data-end=\"1854\">Cookies de publicidade<\/em> \u2013 Opcionais, usados para tornar a publicidade mais relevante para Utilizadores e anunciantes.<\/p>\n<\/li>\n<\/ul>\n<\/li>\n<\/ul>\n<h4 data-start=\"1952\" data-end=\"2103\">Que cookies utilizamos e para que finalidades?<\/h4>\n<p data-start=\"1952\" data-end=\"2103\">De momento, n\u00e3o existem cookies a apresentar.<\/p>\n<h4 data-start=\"2105\" data-end=\"2593\">Tenho de aceitar a utiliza\u00e7\u00e3o de cookies?<\/h4>\n<p data-start=\"2105\" data-end=\"2593\">Os cookies estritamente necess\u00e1rios s\u00e3o essenciais para o funcionamento adequado do website. Para todos os outros tipos de cookies, a escolha pertence ao Utilizador.<br data-start=\"2514\" data-end=\"2517\" \/>Nos termos da legisla\u00e7\u00e3o em vigor, apenas podem ser armazenados cookies no seu dispositivo mediante o seu <strong data-start=\"2371\" data-end=\"2401\">consentimento pr\u00e9vio e expresso<\/strong>, exceto quando sejam estritamente necess\u00e1rios para a presta\u00e7\u00e3o de um servi\u00e7o da sociedade da informa\u00e7\u00e3o que tenha solicitado expressamente.<br \/>\nA Norfin compromete-se a utilizar cookies apenas para as finalidades indicadas na presente Pol\u00edtica.<\/p>\n<h4 data-start=\"2595\" data-end=\"2853\">Como posso gerir as minhas prefer\u00eancias de cookies?<\/h4>\n<p data-start=\"2595\" data-end=\"2853\">A maioria dos navegadores permite controlar os cookies armazenados no seu dispositivo e elimin\u00e1-los a qualquer momento. Caso pretenda desativar cookies, poder\u00e1 alterar as defini\u00e7\u00f5es do seu navegador atrav\u00e9s dos seguintes links (lista n\u00e3o exaustiva):<\/p>\n<ul data-start=\"2855\" data-end=\"3071\">\n<li data-start=\"2855\" data-end=\"2888\">\n<p data-start=\"2857\" data-end=\"2888\">Firefox: [<a href=\"https:\/\/support.mozilla.org\/en-US\/kb\/enable-and-disable-cookies-website-preferences\" target=\"_blank\" rel=\"noopener\">clique aqui<\/a>]<\/p>\n<\/li>\n<li data-start=\"2889\" data-end=\"2921\">\n<p data-start=\"2891\" data-end=\"2921\">Chrome: [<a href=\"https:\/\/support.google.com\/chrome\/answer\/95647?hl=en\" target=\"_blank\" rel=\"noopener\">clique aqui<\/a>]<\/p>\n<\/li>\n<li data-start=\"2922\" data-end=\"2965\">\n<p data-start=\"2924\" data-end=\"2965\">Internet Explorer: [<a href=\"https:\/\/support.microsoft.com\/pt-pt\/help\/17442\/windows-internet-explorer-delete-manage-cookies\" target=\"_blank\" rel=\"noopener\">clique aqui<\/a>]<\/p>\n<\/li>\n<li data-start=\"2966\" data-end=\"2998\">\n<p data-start=\"2968\" data-end=\"2998\">Safari: [<a href=\"https:\/\/support.apple.com\/kb\/ph21411?locale=en_US\" target=\"_blank\" rel=\"noopener\">clique aqui<\/a>]<\/p>\n<\/li>\n<li data-start=\"2999\" data-end=\"3039\">\n<p data-start=\"3001\" data-end=\"3039\">Microsoft Edge: [<a href=\"https:\/\/support.microsoft.com\/en-us\/windows\/manage-cookies-in-microsoft-edge-view-allow-block-delete-and-use-168dab11-0753-043d-7c16-ede5947fc64d\" target=\"_blank\" rel=\"noopener\">clique aqui<\/a>]<\/p>\n<\/li>\n<li data-start=\"3040\" data-end=\"3071\">\n<p data-start=\"3042\" data-end=\"3071\">Opera: [<a href=\"http:\/\/help.opera.com\/Mac\/12.00\/en\/private.html\" target=\"_blank\" rel=\"noopener\">clique aqui<\/a>]<\/p>\n<\/li>\n<\/ul>\n<p data-start=\"3073\" data-end=\"3333\">Note que a desativa\u00e7\u00e3o de cookies nas defini\u00e7\u00f5es do navegador pode afetar o funcionamento do Website ou impedir o acesso a determinadas funcionalidades. Isto acontece porque a maioria das configura\u00e7\u00f5es dos navegadores n\u00e3o permite desativar seletivamente apenas os cookies n\u00e3o essenciais.<\/p>\n<h4 data-start=\"3335\" data-end=\"3814\">Altera\u00e7\u00f5es \u00e0 Pol\u00edtica de Cookies<\/h4>\n<p data-start=\"3335\" data-end=\"3814\">A Norfin pode, a qualquer momento e sem aviso pr\u00e9vio, alterar, atualizar ou revogar, total ou parcialmente, a presente Pol\u00edtica de Cookies, com efeitos imediatos. Qualquer altera\u00e7\u00e3o ser\u00e1 publicada no Website. Sempre que sejam feitas altera\u00e7\u00f5es significativas que afetem o Utilizador relativamente aos cookies, ser\u00e1 novamente apresentado um banner para que, conforme o tipo de cookie, possa aceder \u00e0 informa\u00e7\u00e3o relevante e\/ou dar o seu consentimento para a respetiva utiliza\u00e7\u00e3o e armazenamento, se aplic\u00e1vel.<\/p>\n","protected":false},"excerpt":{"rendered":"<p>A presente Pol\u00edtica de Cookies regula o tratamento de dados, incluindo dados pessoais, dos utilizadores (\u201cUtilizador\u201d ou \u201cUtilizadores\u201d), recolhidos durante a utiliza\u00e7\u00e3o do website da Norfin \u2013 Sociedade Gestora de Organismos de Investimento Coletivo, S.A., na qualidade de entidade gestora, administradora e representante do ARR\u00c1BIDA \u2013 FUNDO ESPECIAL DE INVESTIMENTO IMOBILI\u00c1RIO FECHADO (doravante \u201cWebsite\u201d e [&hellip;]<\/p>\n","protected":false},"author":1,"featured_media":0,"parent":0,"menu_order":0,"comment_status":"closed","ping_status":"closed","template":"template-text.php","meta":{"_acf_changed":false,"footnotes":""},"class_list":["post-1078","page","type-page","status-publish","hentry"],"acf":[],"yoast_head":"<!-- This site is optimized with the Yoast SEO plugin v25.9 - https:\/\/yoast.com\/wordpress\/plugins\/seo\/ -->\n<title>Pol\u00edtica de Cookies - Aroeira Collections by Missoni<\/title>\n<meta name=\"robots\" content=\"index, follow, max-snippet:-1, max-image-preview:large, max-video-preview:-1\" \/>\n<link rel=\"canonical\" href=\"https:\/\/www.aroeiracollections.com\/pt\/politica-de-cookies\/\" \/>\n<meta property=\"og:locale\" content=\"pt_PT\" \/>\n<meta property=\"og:type\" content=\"article\" \/>\n<meta property=\"og:title\" content=\"Pol\u00edtica de Cookies - Aroeira Collections by Missoni\" \/>\n<meta property=\"og:description\" content=\"A presente Pol\u00edtica de Cookies regula o tratamento de dados, incluindo dados pessoais, dos utilizadores (\u201cUtilizador\u201d ou \u201cUtilizadores\u201d), recolhidos durante a utiliza\u00e7\u00e3o do website da Norfin \u2013 Sociedade Gestora de Organismos de Investimento Coletivo, S.A., na qualidade de entidade gestora, administradora e representante do ARR\u00c1BIDA \u2013 FUNDO ESPECIAL DE INVESTIMENTO IMOBILI\u00c1RIO FECHADO (doravante \u201cWebsite\u201d e [&hellip;]\" \/>\n<meta property=\"og:url\" content=\"https:\/\/www.aroeiracollections.com\/pt\/politica-de-cookies\/\" \/>\n<meta property=\"og:site_name\" content=\"Aroeira Collections by Missoni\" \/>\n<meta property=\"article:modified_time\" content=\"2025-08-10T15:41:47+00:00\" \/>\n<meta property=\"og:image\" content=\"https:\/\/www.aroeiracollections.com\/wp-content\/uploads\/2025\/06\/1825_2404G_Aroeira_565_Piscina_05_siteSEO.jpg\" \/>\n\t<meta property=\"og:image:width\" content=\"1200\" \/>\n\t<meta property=\"og:image:height\" content=\"675\" \/>\n\t<meta property=\"og:image:type\" content=\"image\/jpeg\" \/>\n<meta name=\"twitter:card\" content=\"summary_large_image\" \/>\n<meta name=\"twitter:label1\" content=\"Est. reading time\" \/>\n\t<meta name=\"twitter:data1\" content=\"3 minutos\" \/>\n<script type=\"application\/ld+json\" class=\"yoast-schema-graph\">{\"@context\":\"https:\/\/schema.org\",\"@graph\":[{\"@type\":\"WebPage\",\"@id\":\"https:\/\/www.aroeiracollections.com\/pt\/politica-de-cookies\/\",\"url\":\"https:\/\/www.aroeiracollections.com\/pt\/politica-de-cookies\/\",\"name\":\"Pol\u00edtica de Cookies - Aroeira Collections by Missoni\",\"isPartOf\":{\"@id\":\"https:\/\/www.aroeiracollections.com\/pt\/#website\"},\"datePublished\":\"2025-07-10T14:55:05+00:00\",\"dateModified\":\"2025-08-10T15:41:47+00:00\",\"breadcrumb\":{\"@id\":\"https:\/\/www.aroeiracollections.com\/pt\/politica-de-cookies\/#breadcrumb\"},\"inLanguage\":\"pt-PT\",\"potentialAction\":[{\"@type\":\"ReadAction\",\"target\":[\"https:\/\/www.aroeiracollections.com\/pt\/politica-de-cookies\/\"]}]},{\"@type\":\"BreadcrumbList\",\"@id\":\"https:\/\/www.aroeiracollections.com\/pt\/politica-de-cookies\/#breadcrumb\",\"itemListElement\":[{\"@type\":\"ListItem\",\"position\":1,\"name\":\"Home\",\"item\":\"https:\/\/www.aroeiracollections.com\/pt\/\"},{\"@type\":\"ListItem\",\"position\":2,\"name\":\"Pol\u00edtica de Cookies\"}]},{\"@type\":\"WebSite\",\"@id\":\"https:\/\/www.aroeiracollections.com\/pt\/#website\",\"url\":\"https:\/\/www.aroeiracollections.com\/pt\/\",\"name\":\"Aroeira Collections by Missoni\",\"description\":\"Exclusive beach villas and apartments in Aroeira, Lisbon \u2013 in collaboration with Missoni.\",\"publisher\":{\"@id\":\"https:\/\/www.aroeiracollections.com\/pt\/#organization\"},\"alternateName\":\"Aroeira Collections\",\"potentialAction\":[{\"@type\":\"SearchAction\",\"target\":{\"@type\":\"EntryPoint\",\"urlTemplate\":\"https:\/\/www.aroeiracollections.com\/pt\/?s={search_term_string}\"},\"query-input\":{\"@type\":\"PropertyValueSpecification\",\"valueRequired\":true,\"valueName\":\"search_term_string\"}}],\"inLanguage\":\"pt-PT\"},{\"@type\":\"Organization\",\"@id\":\"https:\/\/www.aroeiracollections.com\/pt\/#organization\",\"name\":\"Norfin\",\"url\":\"https:\/\/www.aroeiracollections.com\/pt\/\",\"logo\":{\"@type\":\"ImageObject\",\"inLanguage\":\"pt-PT\",\"@id\":\"https:\/\/www.aroeiracollections.com\/pt\/#\/schema\/logo\/image\/\",\"url\":\"https:\/\/www.aroeiracollections.com\/wp-content\/uploads\/2025\/06\/Logo_Aroeira-Collections_2L_RGB_Pos.jpg\",\"contentUrl\":\"https:\/\/www.aroeiracollections.com\/wp-content\/uploads\/2025\/06\/Logo_Aroeira-Collections_2L_RGB_Pos.jpg\",\"width\":2008,\"height\":745,\"caption\":\"Norfin\"},\"image\":{\"@id\":\"https:\/\/www.aroeiracollections.com\/pt\/#\/schema\/logo\/image\/\"}}]}<\/script>\n<!-- \/ Yoast SEO plugin. -->","yoast_head_json":{"title":"Pol\u00edtica de Cookies - Aroeira Collections by Missoni","robots":{"index":"index","follow":"follow","max-snippet":"max-snippet:-1","max-image-preview":"max-image-preview:large","max-video-preview":"max-video-preview:-1"},"canonical":"https:\/\/www.aroeiracollections.com\/pt\/politica-de-cookies\/","og_locale":"pt_PT","og_type":"article","og_title":"Pol\u00edtica de Cookies - Aroeira Collections by Missoni","og_description":"A presente Pol\u00edtica de Cookies regula o tratamento de dados, incluindo dados pessoais, dos utilizadores (\u201cUtilizador\u201d ou \u201cUtilizadores\u201d), recolhidos durante a utiliza\u00e7\u00e3o do website da Norfin \u2013 Sociedade Gestora de Organismos de Investimento Coletivo, S.A., na qualidade de entidade gestora, administradora e representante do ARR\u00c1BIDA \u2013 FUNDO ESPECIAL DE INVESTIMENTO IMOBILI\u00c1RIO FECHADO (doravante \u201cWebsite\u201d e [&hellip;]","og_url":"https:\/\/www.aroeiracollections.com\/pt\/politica-de-cookies\/","og_site_name":"Aroeira Collections by Missoni","article_modified_time":"2025-08-10T15:41:47+00:00","og_image":[{"width":1200,"height":675,"url":"https:\/\/www.aroeiracollections.com\/wp-content\/uploads\/2025\/06\/1825_2404G_Aroeira_565_Piscina_05_siteSEO.jpg","type":"image\/jpeg"}],"twitter_card":"summary_large_image","twitter_misc":{"Est. reading time":"3 minutos"},"schema":{"@context":"https:\/\/schema.org","@graph":[{"@type":"WebPage","@id":"https:\/\/www.aroeiracollections.com\/pt\/politica-de-cookies\/","url":"https:\/\/www.aroeiracollections.com\/pt\/politica-de-cookies\/","name":"Pol\u00edtica de Cookies - Aroeira Collections by Missoni","isPartOf":{"@id":"https:\/\/www.aroeiracollections.com\/pt\/#website"},"datePublished":"2025-07-10T14:55:05+00:00","dateModified":"2025-08-10T15:41:47+00:00","breadcrumb":{"@id":"https:\/\/www.aroeiracollections.com\/pt\/politica-de-cookies\/#breadcrumb"},"inLanguage":"pt-PT","potentialAction":[{"@type":"ReadAction","target":["https:\/\/www.aroeiracollections.com\/pt\/politica-de-cookies\/"]}]},{"@type":"BreadcrumbList","@id":"https:\/\/www.aroeiracollections.com\/pt\/politica-de-cookies\/#breadcrumb","itemListElement":[{"@type":"ListItem","position":1,"name":"Home","item":"https:\/\/www.aroeiracollections.com\/pt\/"},{"@type":"ListItem","position":2,"name":"Pol\u00edtica de Cookies"}]},{"@type":"WebSite","@id":"https:\/\/www.aroeiracollections.com\/pt\/#website","url":"https:\/\/www.aroeiracollections.com\/pt\/","name":"Aroeira Collections by Missoni","description":"Exclusive beach villas and apartments in Aroeira, Lisbon \u2013 in collaboration with Missoni.","publisher":{"@id":"https:\/\/www.aroeiracollections.com\/pt\/#organization"},"alternateName":"Aroeira Collections","potentialAction":[{"@type":"SearchAction","target":{"@type":"EntryPoint","urlTemplate":"https:\/\/www.aroeiracollections.com\/pt\/?s={search_term_string}"},"query-input":{"@type":"PropertyValueSpecification","valueRequired":true,"valueName":"search_term_string"}}],"inLanguage":"pt-PT"},{"@type":"Organization","@id":"https:\/\/www.aroeiracollections.com\/pt\/#organization","name":"Norfin","url":"https:\/\/www.aroeiracollections.com\/pt\/","logo":{"@type":"ImageObject","inLanguage":"pt-PT","@id":"https:\/\/www.aroeiracollections.com\/pt\/#\/schema\/logo\/image\/","url":"https:\/\/www.aroeiracollections.com\/wp-content\/uploads\/2025\/06\/Logo_Aroeira-Collections_2L_RGB_Pos.jpg","contentUrl":"https:\/\/www.aroeiracollections.com\/wp-content\/uploads\/2025\/06\/Logo_Aroeira-Collections_2L_RGB_Pos.jpg","width":2008,"height":745,"caption":"Norfin"},"image":{"@id":"https:\/\/www.aroeiracollections.com\/pt\/#\/schema\/logo\/image\/"}}]}},"_links":{"self":[{"href":"https:\/\/www.aroeiracollections.com\/pt\/wp-json\/wp\/v2\/pages\/1078","targetHints":{"allow":["GET"]}}],"collection":[{"href":"https:\/\/www.aroeiracollections.com\/pt\/wp-json\/wp\/v2\/pages"}],"about":[{"href":"https:\/\/www.aroeiracollections.com\/pt\/wp-json\/wp\/v2\/types\/page"}],"author":[{"embeddable":true,"href":"https:\/\/www.aroeiracollections.com\/pt\/wp-json\/wp\/v2\/users\/1"}],"replies":[{"embeddable":true,"href":"https:\/\/www.aroeiracollections.com\/pt\/wp-json\/wp\/v2\/comments?post=1078"}],"version-history":[{"count":5,"href":"https:\/\/www.aroeiracollections.com\/pt\/wp-json\/wp\/v2\/pages\/1078\/revisions"}],"predecessor-version":[{"id":1140,"href":"https:\/\/www.aroeiracollections.com\/pt\/wp-json\/wp\/v2\/pages\/1078\/revisions\/1140"}],"wp:attachment":[{"href":"https:\/\/www.aroeiracollections.com\/pt\/wp-json\/wp\/v2\/media?parent=1078"}],"curies":[{"name":"wp","href":"https:\/\/api.w.org\/{rel}","templated":true}]}}